{"id":4915,"date":"2021-04-10T23:35:23","date_gmt":"2021-04-10T20:35:23","guid":{"rendered":"http:\/\/normmedikal.net\/urunler\/"},"modified":"2021-05-26T14:26:48","modified_gmt":"2021-05-26T11:26:48","slug":"products","status":"publish","type":"page","link":"https:\/\/normmedikal.net\/en\/products\/","title":{"rendered":"Products"},"content":{"rendered":"<section class=\"wpb-content-wrapper\"><p>[vc_row css=&#8221;.vc_custom_1618185804282{padding-top: 40px !important;}&#8221;][vc_column width=&#8221;1\/4&#8243;][vc_single_image image=&#8221;4318&#8243; alignment=&#8221;center&#8221; style=&#8221;vc_box_shadow&#8221; onclick=&#8221;custom_link&#8221; link=&#8221;http:\/\/normmedikal.net\/urunler\/3m-littmann-stetoskoplar\/&#8221; label=&#8221;&#8221;][vc_column_text]<\/p>\n<p style=\"text-align: center;\"><a href=\"http:\/\/normmedikal.net\/urunler\/3m-littmann-stetoskoplar\/\">3M\u2122 Littmann\u00ae Stetoskoplar<\/a><\/p>\n<p>[\/vc_column_text][\/vc_column][vc_column width=&#8221;1\/4&#8243;][vc_single_image image=&#8221;4723&#8243; alignment=&#8221;center&#8221; style=&#8221;vc_box_shadow&#8221; onclick=&#8221;custom_link&#8221; link=&#8221;http:\/\/normmedikal.net\/urunler\/tansiyon-aletleri\/&#8221;][vc_column_text]<\/p>\n<p style=\"text-align: center;\"><a href=\"http:\/\/normmedikal.net\/urunler\/tansiyon-aletleri\/\">Tansiyon Aletleri<\/a><\/p>\n<p>[\/vc_column_text][\/vc_column][vc_column width=&#8221;1\/4&#8243;][vc_single_image image=&#8221;4725&#8243; alignment=&#8221;center&#8221; style=&#8221;vc_box_shadow&#8221; onclick=&#8221;custom_link&#8221; link=&#8221;http:\/\/normmedikal.net\/urunler\/yuksek-devirli-cerrahi-tur-motorlari\/&#8221;][vc_column_text]<\/p>\n<p style=\"text-align: center;\"><a href=\"http:\/\/normmedikal.net\/urunler\/yuksek-devirli-cerrahi-tur-motorlari\/\">Y\u00fcksek Devirli Cerrahi Tur Motorlar\u0131<\/a><\/p>\n<p>[\/vc_column_text][\/vc_column][vc_column width=&#8221;1\/4&#8243;][vc_single_image image=&#8221;4363&#8243; alignment=&#8221;center&#8221; style=&#8221;vc_box_shadow&#8221; onclick=&#8221;custom_link&#8221; link=&#8221;http:\/\/normmedikal.net\/urunler\/bisturi-uclari\/&#8221;][vc_column_text]<\/p>\n<p style=\"text-align: center;\"><a href=\"http:\/\/normmedikal.net\/urunler\/bisturi-uclari\/\">Bist\u00fcri U\u00e7lar\u0131<\/a><\/p>\n<p>[\/vc_column_text][\/vc_column][\/vc_row][vc_row css=&#8221;.vc_custom_1618185804282{padding-top: 40px !important;}&#8221;][vc_column width=&#8221;1\/4&#8243;][vc_single_image image=&#8221;4736&#8243; alignment=&#8221;center&#8221; style=&#8221;vc_box_shadow&#8221; onclick=&#8221;custom_link&#8221; link=&#8221;http:\/\/normmedikal.net\/urunler\/medikal-jel-krem-solusyon-ve-sarflar\/&#8221;][vc_column_text]<\/p>\n<p style=\"text-align: center;\"><a href=\"http:\/\/normmedikal.net\/urunler\/medikal-jel-krem-solusyon-ve-sarflar\/\">Medikal Jel, Krem, Sol\u00fcsyon ve Sarflar<\/a><\/p>\n<p>[\/vc_column_text][\/vc_column][vc_column width=&#8221;1\/4&#8243;][vc_single_image image=&#8221;4392&#8243; alignment=&#8221;center&#8221; style=&#8221;vc_box_shadow&#8221; onclick=&#8221;custom_link&#8221; link=&#8221;http:\/\/normmedikal.net\/urunler\/dezenfektan-ve-antiseptik\/&#8221;][vc_column_text]<\/p>\n<p style=\"text-align: center;\"><a href=\"http:\/\/normmedikal.net\/urunler\/dezenfektan-ve-antiseptik\/\">Dezenfektan ve Antiseptik<\/a><\/p>\n<p>[\/vc_column_text][\/vc_column][vc_column width=&#8221;1\/4&#8243;][vc_single_image image=&#8221;4408&#8243; alignment=&#8221;center&#8221; style=&#8221;vc_box_shadow&#8221; onclick=&#8221;custom_link&#8221; link=&#8221;http:\/\/normmedikal.net\/urunler\/infuzyon\/&#8221;][vc_column_text]<\/p>\n<p style=\"text-align: center;\"><a href=\"http:\/\/normmedikal.net\/urunler\/infuzyon\/\">\u0130nf\u00fczyon<\/a><\/p>\n<p>[\/vc_column_text][\/vc_column][vc_column width=&#8221;1\/4&#8243;][vc_single_image image=&#8221;4414&#8243; alignment=&#8221;center&#8221; style=&#8221;vc_box_shadow&#8221; onclick=&#8221;custom_link&#8221; link=&#8221;http:\/\/normmedikal.net\/urunler\/yogun-bakim\/&#8221;][vc_column_text]<\/p>\n<p style=\"text-align: center;\"><a href=\"http:\/\/normmedikal.net\/urunler\/yogun-bakim\/\">Yo\u011fun Bak\u0131m<\/a><\/p>\n<p>[\/vc_column_text][\/vc_column][\/vc_row][vc_row css=&#8221;.vc_custom_1618185804282{padding-top: 40px !important;}&#8221;][vc_column width=&#8221;1\/4&#8243;][vc_single_image image=&#8221;4418&#8243; alignment=&#8221;center&#8221; style=&#8221;vc_box_shadow&#8221; onclick=&#8221;custom_link&#8221; link=&#8221;http:\/\/normmedikal.net\/urunler\/kadin-dogum-urunleri\/&#8221;][vc_column_text]<\/p>\n<p style=\"text-align: center;\"><a href=\"http:\/\/normmedikal.net\/urunler\/kadin-dogum-urunleri\/\">Kad\u0131n Do\u011fum \u00dcr\u00fcnleri<\/a><\/p>\n<p>[\/vc_column_text][\/vc_column][vc_column width=&#8221;1\/4&#8243;][vc_single_image image=&#8221;4430&#8243; alignment=&#8221;center&#8221; style=&#8221;vc_box_shadow&#8221; onclick=&#8221;custom_link&#8221; link=&#8221;http:\/\/normmedikal.net\/urunler\/ortu-grubu\/&#8221;][vc_column_text]<\/p>\n<p style=\"text-align: center;\"><a href=\"http:\/\/normmedikal.net\/urunler\/ortu-grubu\/\">\u00d6rt\u00fc Grubu<\/a><\/p>\n<p>[\/vc_column_text][\/vc_column][vc_column width=&#8221;1\/4&#8243;][vc_single_image image=&#8221;4455&#8243; alignment=&#8221;center&#8221; style=&#8221;vc_box_shadow&#8221; onclick=&#8221;custom_link&#8221; link=&#8221;http:\/\/normmedikal.net\/urunler\/endoskopi\/&#8221;][vc_column_text]<\/p>\n<p style=\"text-align: center;\"><a href=\"http:\/\/normmedikal.net\/urunler\/endoskopi\/\">Endoskopi<\/a><\/p>\n<p>[\/vc_column_text][\/vc_column][vc_column width=&#8221;1\/4&#8243;][vc_single_image image=&#8221;4463&#8243; alignment=&#8221;center&#8221; style=&#8221;vc_box_shadow&#8221; onclick=&#8221;custom_link&#8221; link=&#8221;http:\/\/normmedikal.net\/urunler\/cerrahi-urunler\/&#8221;][vc_column_text]<\/p>\n<p style=\"text-align: center;\"><a href=\"http:\/\/normmedikal.net\/urunler\/cerrahi-urunler\/\" aria-current=\"page\">Cerrahi \u00dcr\u00fcnler<\/a><\/p>\n<p>[\/vc_column_text][\/vc_column][\/vc_row][vc_row css=&#8221;.vc_custom_1618185804282{padding-top: 40px !important;}&#8221;][vc_column width=&#8221;1\/4&#8243;][vc_single_image image=&#8221;4484&#8243; alignment=&#8221;center&#8221; style=&#8221;vc_box_shadow&#8221; onclick=&#8221;custom_link&#8221; link=&#8221;http:\/\/normmedikal.net\/urunler\/steril-nonsteril-kompres-ve-sabitleyiciler\/&#8221;][vc_column_text]<\/p>\n<p style=\"text-align: center;\"><a href=\"http:\/\/normmedikal.net\/urunler\/steril-nonsteril-kompres-ve-sabitleyiciler\/\">Steril \/ Nonsteril Kompres ve Sabitleyiciler<\/a><\/p>\n<p>[\/vc_column_text][\/vc_column][vc_column width=&#8221;1\/4&#8243;][vc_single_image image=&#8221;4494&#8243; alignment=&#8221;center&#8221; style=&#8221;vc_box_shadow&#8221; onclick=&#8221;custom_link&#8221; link=&#8221;http:\/\/normmedikal.net\/urunler\/tek-kullanimlik-cozumler\/&#8221;][vc_column_text]<\/p>\n<p style=\"text-align: center;\"><a href=\"http:\/\/normmedikal.net\/urunler\/tek-kullanimlik-cozumler\/\">Tek Kullan\u0131ml\u0131k \u00c7\u00f6z\u00fcmler<\/a><\/p>\n<p>[\/vc_column_text][\/vc_column][vc_column width=&#8221;1\/4&#8243;][vc_single_image image=&#8221;4627&#8243; alignment=&#8221;center&#8221; style=&#8221;vc_box_shadow&#8221; onclick=&#8221;custom_link&#8221; link=&#8221;http:\/\/normmedikal.net\/urunler\/muayenehane-ve-ameliyathane-cozumleri\/&#8221;][vc_column_text]<\/p>\n<p style=\"text-align: center;\"><a href=\"http:\/\/normmedikal.net\/urunler\/muayenehane-ve-ameliyathane-cozumleri\/\">Muayenehane ve Ameliyathane \u00c7\u00f6z\u00fcmleri<\/a><\/p>\n<p>[\/vc_column_text][\/vc_column][vc_column width=&#8221;1\/4&#8243;][vc_single_image image=&#8221;4653&#8243; alignment=&#8221;center&#8221; style=&#8221;vc_box_shadow&#8221; onclick=&#8221;custom_link&#8221; link=&#8221;http:\/\/normmedikal.net\/urunler\/beyin-sinir-cerrahi\/&#8221;][vc_column_text]<\/p>\n<p style=\"text-align: center;\"><a href=\"http:\/\/normmedikal.net\/urunler\/beyin-sinir-cerrahi\/\">Beyin Sinir Cerrahi<\/a><\/p>\n<p>[\/vc_column_text][\/vc_column][\/vc_row][vc_row css=&#8221;.vc_custom_1618185804282{padding-top: 40px !important;}&#8221;][vc_column width=&#8221;1\/4&#8243;][vc_single_image image=&#8221;4673&#8243; alignment=&#8221;center&#8221; style=&#8221;vc_box_shadow&#8221; onclick=&#8221;custom_link&#8221; link=&#8221;http:\/\/normmedikal.net\/urunler\/elektrod-ve-medikal-cihaz-kagitlari\/&#8221;][vc_column_text]<\/p>\n<p style=\"text-align: center;\"><a href=\"http:\/\/normmedikal.net\/urunler\/elektrod-ve-medikal-cihaz-kagitlari\/\">Elektrod ve Medikal Cihaz Ka\u011f\u0131tlar\u0131<\/a><\/p>\n<p>[\/vc_column_text][\/vc_column][vc_column width=&#8221;1\/4&#8243;][vc_single_image image=&#8221;4473&#8243; alignment=&#8221;center&#8221; style=&#8221;vc_box_shadow&#8221; onclick=&#8221;custom_link&#8221; link=&#8221;http:\/\/normmedikal.net\/urunler\/diger-urunler\/&#8221;][vc_column_text]<\/p>\n<p style=\"text-align: center;\"><a href=\"http:\/\/normmedikal.net\/urunler\/diger-urunler\/\" aria-current=\"page\">Di\u011fer \u00dcr\u00fcnler<\/a><\/p>\n<p>[\/vc_column_text][\/vc_column][vc_column width=&#8221;1\/4&#8243;][\/vc_column][vc_column width=&#8221;1\/4&#8243;][\/vc_column][\/vc_row]<\/p>\n<\/section>","protected":false},"excerpt":{"rendered":"<p>[vc_row css=&#8221;.vc_custom_1618185804282{padding-top: 40px !important;}&#8221;][vc_column width=&#8221;1\/4&#8243;][vc_single_image image=&#8221;4318&#8243; alignment=&#8221;center&#8221; style=&#8221;vc_box_shadow&#8221; onclick=&#8221;custom_link&#8221; link=&#8221;http:\/\/normmedikal.net\/urunler\/3m-littmann-stetoskoplar\/&#8221; label=&#8221;&#8221;][vc_column_text] 3M\u2122 Littmann\u00ae Stetoskoplar [\/vc_column_text][\/vc_column][vc_column width=&#8221;1\/4&#8243;][vc_single_image image=&#8221;4723&#8243; alignment=&#8221;center&#8221; style=&#8221;vc_box_shadow&#8221; onclick=&#8221;custom_link&#8221; link=&#8221;http:\/\/normmedikal.net\/urunler\/tansiyon-aletleri\/&#8221;][vc_column_text] Tansiyon Aletleri [\/vc_column_text][\/vc_column][vc_column width=&#8221;1\/4&#8243;][vc_single_image image=&#8221;4725&#8243; alignment=&#8221;center&#8221; style=&#8221;vc_box_shadow&#8221; onclick=&#8221;custom_link&#8221; link=&#8221;http:\/\/normmedikal.net\/urunler\/yuksek-devirli-cerrahi-tur-motorlari\/&#8221;][vc_column_text] Y\u00fcksek Devirli Cerrahi Tur Motorlar\u0131 [\/vc_column_text][\/vc_column][vc_column width=&#8221;1\/4&#8243;][vc_single_image image=&#8221;4363&#8243; alignment=&#8221;center&#8221; style=&#8221;vc_box_shadow&#8221; onclick=&#8221;custom_link&#8221; link=&#8221;http:\/\/normmedikal.net\/urunler\/bisturi-uclari\/&#8221;][vc_column_text] Bist\u00fcri U\u00e7lar\u0131 [\/vc_column_text][\/vc_column][\/vc_row][vc_row css=&#8221;.vc_custom_1618185804282{padding-top: 40px !important;}&#8221;][vc_column width=&#8221;1\/4&#8243;][vc_single_image image=&#8221;4736&#8243; alignment=&#8221;center&#8221; style=&#8221;vc_box_shadow&#8221; onclick=&#8221;custom_link&#8221; link=&#8221;http:\/\/normmedikal.net\/urunler\/medikal-jel-krem-solusyon-ve-sarflar\/&#8221;][vc_column_text] Medikal [&hellip;]<\/p>\n","protected":false},"author":1,"featured_media":0,"parent":0,"menu_order":0,"comment_status":"closed","ping_status":"closed","template":"","meta":{"inline_featured_image":false,"_joinchat":[],"footnotes":""},"class_list":["post-4915","page","type-page","status-publish","hentry"],"_links":{"self":[{"href":"https:\/\/normmedikal.net\/en\/wp-json\/wp\/v2\/pages\/4915","targetHints":{"allow":["GET"]}}],"collection":[{"href":"https:\/\/normmedikal.net\/en\/wp-json\/wp\/v2\/pages"}],"about":[{"href":"https:\/\/normmedikal.net\/en\/wp-json\/wp\/v2\/types\/page"}],"author":[{"embeddable":true,"href":"https:\/\/normmedikal.net\/en\/wp-json\/wp\/v2\/users\/1"}],"replies":[{"embeddable":true,"href":"https:\/\/normmedikal.net\/en\/wp-json\/wp\/v2\/comments?post=4915"}],"version-history":[{"count":2,"href":"https:\/\/normmedikal.net\/en\/wp-json\/wp\/v2\/pages\/4915\/revisions"}],"predecessor-version":[{"id":5552,"href":"https:\/\/normmedikal.net\/en\/wp-json\/wp\/v2\/pages\/4915\/revisions\/5552"}],"wp:attachment":[{"href":"https:\/\/normmedikal.net\/en\/wp-json\/wp\/v2\/media?parent=4915"}],"curies":[{"name":"wp","href":"https:\/\/api.w.org\/{rel}","templated":true}]}}