{"id":4947,"date":"2021-04-12T02:22:09","date_gmt":"2021-04-11T23:22:09","guid":{"rendered":"http:\/\/normmedikal.net\/products\/elektrod-ve-medikal-cihaz-kagitlari\/"},"modified":"2021-05-26T15:07:10","modified_gmt":"2021-05-26T12:07:10","slug":"electrode-and-medical-device-papers","status":"publish","type":"page","link":"https:\/\/normmedikal.net\/en\/products\/electrode-and-medical-device-papers\/","title":{"rendered":"Electrode and Medical Device Papers"},"content":{"rendered":"<section class=\"wpb-content-wrapper\"><p>[vc_row][vc_column][vc_custom_heading source=&#8221;post_title&#8221; use_theme_fonts=&#8221;yes&#8221; css=&#8221;.vc_custom_1616600974676{padding-top: 50px !important;}&#8221;][\/vc_column][\/vc_row][vc_row][vc_column][vc_tabs][vc_tab title=&#8221;Electrodes&#8221; tab_id=&#8221;1c4fec48-0e01-9&#8243;][vc_column_text]<\/p>\n<div id='gallery-1' class='gallery galleryid-4947 gallery-columns-4 gallery-size-thumbnail'><figure class='gallery-item'>\n\t\t\t<div class='gallery-icon landscape'>\n\t\t\t\t<img loading=\"lazy\" decoding=\"async\" width=\"280\" height=\"280\" src=\"https:\/\/normmedikal.net\/wp-content\/uploads\/2021\/04\/elektrod-1-f50c-280x280.png\" class=\"attachment-thumbnail size-thumbnail\" alt=\"\" aria-describedby=\"gallery-1-4948\" \/>\n\t\t\t<\/div>\n\t\t\t\t<figcaption class='wp-caption-text gallery-caption' id='gallery-1-4948'>\n\t\t\t\tF50 C: R\u00f6ntgen \/MR tetkiklerine uyumlu, ekstra kuvvetli yap\u0131\u015fkan \u00f6zelli\u011fine sahip, s\u0131v\u0131 jelli, polietilen k\u00f6p\u00fck, karbon yap\u0131da yuvarlak. Ebat: 50 mm \u00e7ap\n\t\t\t\t<\/figcaption><\/figure><figure class='gallery-item'>\n\t\t\t<div class='gallery-icon landscape'>\n\t\t\t\t<img loading=\"lazy\" decoding=\"async\" width=\"280\" height=\"280\" src=\"https:\/\/normmedikal.net\/wp-content\/uploads\/2021\/04\/elektrod-2-rt34-280x280.png\" class=\"attachment-thumbnail size-thumbnail\" alt=\"\" aria-describedby=\"gallery-1-5006\" \/>\n\t\t\t<\/div>\n\t\t\t\t<figcaption class='wp-caption-text gallery-caption' id='gallery-1-5006'>\n\t\t\t\tRT 34: Rectangular, solid gel carbon film with adhesive on all sides, clip compatible. Size: 22&#215;34 mm.\n\t\t\t\t<\/figcaption><\/figure><figure class='gallery-item'>\n\t\t\t<div class='gallery-icon landscape'>\n\t\t\t\t<img loading=\"lazy\" decoding=\"async\" width=\"280\" height=\"280\" src=\"https:\/\/normmedikal.net\/wp-content\/uploads\/2021\/04\/elektrod-3-fsrgc10-280x280.png\" class=\"attachment-thumbnail size-thumbnail\" alt=\"\" aria-describedby=\"gallery-1-5005\" \/>\n\t\t\t<\/div>\n\t\t\t\t<figcaption class='wp-caption-text gallery-caption' id='gallery-1-5005'>\n\t\t\t\tFSRGC10: Pediatric and adult MR electrode\n\t\t\t\t<\/figcaption><\/figure><figure class='gallery-item'>\n\t\t\t<div class='gallery-icon landscape'>\n\t\t\t\t<img loading=\"lazy\" decoding=\"async\" width=\"280\" height=\"280\" src=\"https:\/\/normmedikal.net\/wp-content\/uploads\/2021\/04\/elektrod-4-f301-280x280.png\" class=\"attachment-thumbnail size-thumbnail\" alt=\"\" aria-describedby=\"gallery-1-5004\" \/>\n\t\t\t<\/div>\n\t\t\t\t<figcaption class='wp-caption-text gallery-caption' id='gallery-1-5004'>\n\t\t\t\tF 301: For babies, solid gel, polyethylene foam, non-allergenic, strong adhesive, round. Size: 30 mm diameter.\n\t\t\t\t<\/figcaption><\/figure><figure class='gallery-item'>\n\t\t\t<div class='gallery-icon landscape'>\n\t\t\t\t<img loading=\"lazy\" decoding=\"async\" width=\"280\" height=\"280\" src=\"https:\/\/normmedikal.net\/wp-content\/uploads\/2021\/04\/elektrod-5-f55-280x280.png\" class=\"attachment-thumbnail size-thumbnail\" alt=\"\" aria-describedby=\"gallery-1-5003\" \/>\n\t\t\t<\/div>\n\t\t\t\t<figcaption class='wp-caption-text gallery-caption' id='gallery-1-5003'>\n\t\t\t\tF55: Holter and effort electrode.\n\t\t\t\t<\/figcaption><\/figure><figure class='gallery-item'>\n\t\t\t<div class='gallery-icon landscape'>\n\t\t\t\t<img loading=\"lazy\" decoding=\"async\" width=\"280\" height=\"280\" src=\"https:\/\/normmedikal.net\/wp-content\/uploads\/2021\/04\/elektrod-6-fsrg1-280x280.png\" class=\"attachment-thumbnail size-thumbnail\" alt=\"\" aria-describedby=\"gallery-1-5002\" \/>\n\t\t\t<\/div>\n\t\t\t\t<figcaption class='wp-caption-text gallery-caption' id='gallery-1-5002'>\n\t\t\t\tFSRG1: Pediatric and adult ECG electrode\n\t\t\t\t<\/figcaption><\/figure><figure class='gallery-item'>\n\t\t\t<div class='gallery-icon landscape'>\n\t\t\t\t<img loading=\"lazy\" decoding=\"async\" width=\"280\" height=\"280\" src=\"https:\/\/normmedikal.net\/wp-content\/uploads\/2021\/04\/elektrod-7-fsrg6-280x280.png\" class=\"attachment-thumbnail size-thumbnail\" alt=\"\" aria-describedby=\"gallery-1-5001\" \/>\n\t\t\t<\/div>\n\t\t\t\t<figcaption class='wp-caption-text gallery-caption' id='gallery-1-5001'>\n\t\t\t\tFSRG6: Pediatric and adult ECG electrode\n\t\t\t\t<\/figcaption><\/figure><figure class='gallery-item'>\n\t\t\t<div class='gallery-icon landscape'>\n\t\t\t\t<img loading=\"lazy\" decoding=\"async\" width=\"280\" height=\"280\" src=\"https:\/\/normmedikal.net\/wp-content\/uploads\/2021\/04\/elektrod-8-pd50sp-280x280.png\" class=\"attachment-thumbnail size-thumbnail\" alt=\"\" aria-describedby=\"gallery-1-5000\" \/>\n\t\t\t<\/div>\n\t\t\t\t<figcaption class='wp-caption-text gallery-caption' id='gallery-1-5000'>\n\t\t\t\tPD50SP: 3-wire ECG electrode with neonatal cable\n\t\t\t\t<\/figcaption><\/figure>\n\t\t<\/div>\n\n<p>[\/vc_column_text][\/vc_tab][vc_tab title=&#8221;Cautery Plates&#8221; tab_id=&#8221;1618182771724-1-10&#8243;][vc_column_text]<\/p>\n<div id='gallery-2' class='gallery galleryid-4947 gallery-columns-4 gallery-size-thumbnail'><figure class='gallery-item'>\n\t\t\t<div class='gallery-icon landscape'>\n\t\t\t\t<img loading=\"lazy\" decoding=\"async\" width=\"280\" height=\"214\" src=\"https:\/\/normmedikal.net\/wp-content\/uploads\/2021\/04\/koter-1-wr21-5-280x214.png\" class=\"attachment-thumbnail size-thumbnail\" alt=\"\" aria-describedby=\"gallery-2-4999\" \/>\n\t\t\t<\/div>\n\t\t\t\t<figcaption class='wp-caption-text gallery-caption' id='gallery-2-4999'>\n\t\t\t\tWR21-5: Pediatric and adult double cautery plate\n\t\t\t\t<\/figcaption><\/figure><figure class='gallery-item'>\n\t\t\t<div class='gallery-icon landscape'>\n\t\t\t\t<img loading=\"lazy\" decoding=\"async\" width=\"280\" height=\"214\" src=\"https:\/\/normmedikal.net\/wp-content\/uploads\/2021\/04\/koter-2-wr01-5-280x214.png\" class=\"attachment-thumbnail size-thumbnail\" alt=\"\" aria-describedby=\"gallery-2-4998\" \/>\n\t\t\t<\/div>\n\t\t\t\t<figcaption class='wp-caption-text gallery-caption' id='gallery-2-4998'>\n\t\t\t\tWR01-5: Pediatric and adult double cautery plate\n\t\t\t\t<\/figcaption><\/figure><figure class='gallery-item'>\n\t\t\t<div class='gallery-icon portrait'>\n\t\t\t\t<img loading=\"lazy\" decoding=\"async\" width=\"139\" height=\"210\" src=\"https:\/\/normmedikal.net\/wp-content\/uploads\/2021\/04\/koter-3-rs25-5.png\" class=\"attachment-thumbnail size-thumbnail\" alt=\"\" aria-describedby=\"gallery-2-4997\" \/>\n\t\t\t<\/div>\n\t\t\t\t<figcaption class='wp-caption-text gallery-caption' id='gallery-2-4997'>\n\t\t\t\tRS25-5: Adult double cautery plate\n\t\t\t\t<\/figcaption><\/figure><figure class='gallery-item'>\n\t\t\t<div class='gallery-icon landscape'>\n\t\t\t\t<img loading=\"lazy\" decoding=\"async\" width=\"280\" height=\"280\" src=\"https:\/\/normmedikal.net\/wp-content\/uploads\/2021\/04\/koter-4-rs25a30-280x280.png\" class=\"attachment-thumbnail size-thumbnail\" alt=\"\" aria-describedby=\"gallery-2-4996\" \/>\n\t\t\t<\/div>\n\t\t\t\t<figcaption class='wp-caption-text gallery-caption' id='gallery-2-4996'>\n\t\t\t\tRS25A30: Cable cautery plate\n\t\t\t\t<\/figcaption><\/figure>\n\t\t<\/div>\n\n<p>[\/vc_column_text][\/vc_tab][vc_tab title=&#8221;ECG Papers&#8221; tab_id=&#8221;1618182880300-2-5&#8243;][vc_column_text]<img loading=\"lazy\" decoding=\"async\" class=\"alignright size-medium wp-image-4673\" src=\"http:\/\/normmedikal.net\/wp-content\/uploads\/2021\/04\/EKG_paper-533x400.jpeg\" alt=\"\" width=\"533\" height=\"400\" srcset=\"https:\/\/normmedikal.net\/wp-content\/uploads\/2021\/04\/EKG_paper-533x400.jpeg 533w, https:\/\/normmedikal.net\/wp-content\/uploads\/2021\/04\/EKG_paper-463x348.jpeg 463w, https:\/\/normmedikal.net\/wp-content\/uploads\/2021\/04\/EKG_paper-400x300.jpeg 400w\" sizes=\"auto, (max-width: 533px) 100vw, 533px\" \/><\/p>\n<ul>\n<li style=\"text-align: left;\">Fukuda Cardisuny<\/li>\n<li style=\"text-align: left;\">Cardioline Delta 1+<\/li>\n<li style=\"text-align: left;\">Peta\u015f<\/li>\n<li style=\"text-align: left;\">Fukuda H 01<\/li>\n<li style=\"text-align: left;\">NK Cardiofax<\/li>\n<li style=\"text-align: left;\">Cardioline Delta 60p<\/li>\n<li style=\"text-align: left;\">Esaote P80<\/li>\n<li style=\"text-align: left;\">HP 4700 K21 4745 a<\/li>\n<li style=\"text-align: left;\">Kardiosis<\/li>\n<li style=\"text-align: left;\">NK FQS 50,3,100<\/li>\n<li style=\"text-align: left;\">Quinton 4500e<\/li>\n<li style=\"text-align: left;\">Quinton 5000e<\/li>\n<li style=\"text-align: left;\">Burdick 7868<\/li>\n<li style=\"text-align: left;\">Marquette 021<\/li>\n<li style=\"text-align: left;\">Marquette 020<\/li>\n<li style=\"text-align: left;\">HP M1709 A<\/li>\n<li style=\"text-align: left;\">HP M2483 A<\/li>\n<li style=\"text-align: left;\">NK FQW 110-2-140<\/li>\n<li style=\"text-align: left;\">NK FQW 210-3-140<\/li>\n<li style=\"text-align: left;\">NK FQW 210-10-295<\/li>\n<li style=\"text-align: left;\">Esaote p80<\/li>\n<li style=\"text-align: left;\">Esaote sp<\/li>\n<li style=\"text-align: left;\">Shiller Switzerland Art no 2 157017<\/li>\n<\/ul>\n<p>[\/vc_column_text][\/vc_tab][vc_tab title=&#8221;NTS Papers&#8221; tab_id=&#8221;1618183066279-3-10&#8243;][vc_column_text]<img loading=\"lazy\" decoding=\"async\" class=\"alignright wp-image-4674 size-medium\" src=\"http:\/\/normmedikal.net\/wp-content\/uploads\/2021\/04\/nts-kagidi-536x400.jpeg\" alt=\"\" width=\"536\" height=\"400\" srcset=\"https:\/\/normmedikal.net\/wp-content\/uploads\/2021\/04\/nts-kagidi-536x400.jpeg 536w, https:\/\/normmedikal.net\/wp-content\/uploads\/2021\/04\/nts-kagidi-400x300.jpeg 400w\" sizes=\"auto, (max-width: 536px) 100vw, 536px\" \/><\/p>\n<ul>\n<li style=\"text-align: left;\">HP M1911 A<\/li>\n<li style=\"text-align: left;\">HP M1910 A<\/li>\n<li style=\"text-align: left;\">Advanced 012 A<\/li>\n<li style=\"text-align: left;\">Advanced 012 E<\/li>\n<li style=\"text-align: left;\">Sonicaid<\/li>\n<li style=\"text-align: left;\">Huntleigh<\/li>\n<li style=\"text-align: left;\">Space Labs<\/li>\n<li style=\"text-align: left;\">Wakeling 9210 0006<\/li>\n<li style=\"text-align: left;\">NK 150-3-100<\/li>\n<\/ul>\n<p>[\/vc_column_text][\/vc_tab][vc_tab title=&#8221;EEG Papers&#8221; tab_id=&#8221;1618183145109-4-10&#8243;][vc_column_text]<img loading=\"lazy\" decoding=\"async\" class=\"alignright wp-image-4672 size-medium\" src=\"http:\/\/normmedikal.net\/wp-content\/uploads\/2021\/04\/EEG_Paper-536x400.jpeg\" alt=\"\" width=\"536\" height=\"400\" srcset=\"https:\/\/normmedikal.net\/wp-content\/uploads\/2021\/04\/EEG_Paper-536x400.jpeg 536w, https:\/\/normmedikal.net\/wp-content\/uploads\/2021\/04\/EEG_Paper-400x300.jpeg 400w\" sizes=\"auto, (max-width: 536px) 100vw, 536px\" \/><\/p>\n<ul>\n<li style=\"text-align: left;\">EEG yellow &#8211; 245x305x1000<\/li>\n<li style=\"text-align: left;\">EEG blue &#8211; 245x305x1000<\/li>\n<li style=\"text-align: left;\">EEG blue &#8211; 155x305x1000<\/li>\n<li style=\"text-align: left;\">EEG yellow &#8211; 400x305x1000<\/li>\n<li style=\"text-align: left;\">EEG yellow &#8211; 345x305x1000<\/li>\n<\/ul>\n<p>[\/vc_column_text][\/vc_tab][vc_tab title=&#8221;Ultrasound Papers&#8221; tab_id=&#8221;1618183207188-5-9&#8243;][vc_column_text]<img loading=\"lazy\" decoding=\"async\" class=\"alignright wp-image-4676 size-medium\" src=\"http:\/\/normmedikal.net\/wp-content\/uploads\/2021\/04\/ultrason-kagidi-536x400.jpg\" alt=\"\" width=\"536\" height=\"400\" srcset=\"https:\/\/normmedikal.net\/wp-content\/uploads\/2021\/04\/ultrason-kagidi-536x400.jpg 536w, https:\/\/normmedikal.net\/wp-content\/uploads\/2021\/04\/ultrason-kagidi-400x300.jpg 400w\" sizes=\"auto, (max-width: 536px) 100vw, 536px\" \/><\/p>\n<ul>\n<li style=\"text-align: left;\">Sony UPP110HG Ultrasound Paper<\/li>\n<li style=\"text-align: left;\">Sony UPP210HD Ultrasound Paper<\/li>\n<li style=\"text-align: left;\">Misubishi K65 HM Ultrasound Paper<\/li>\n<li style=\"text-align: left;\">Sony UPC 21L Ultrasound Paper<\/li>\n<li style=\"text-align: left;\">Sony UPP110S Ultrasound Paper<\/li>\n<li style=\"text-align: left;\">Mitsubishi PK700S Ultrasound Paper<\/li>\n<li style=\"text-align: left;\">Mitsubishi PK700L Ultrasound Paper<\/li>\n<li style=\"text-align: left;\">Sony UPC 1010E Ultrasound Paper<\/li>\n<\/ul>\n<p>[\/vc_column_text][\/vc_tab][vc_tab title=&#8221;SFT Filter and Cardboard Mouthpiece&#8221; tab_id=&#8221;1618183270719-6-9&#8243;][vc_column_text]<img loading=\"lazy\" decoding=\"async\" class=\"alignright wp-image-4675 size-medium\" src=\"http:\/\/normmedikal.net\/wp-content\/uploads\/2021\/04\/sft-filtre-536x400.jpg\" alt=\"\" width=\"536\" height=\"400\" srcset=\"https:\/\/normmedikal.net\/wp-content\/uploads\/2021\/04\/sft-filtre-536x400.jpg 536w, https:\/\/normmedikal.net\/wp-content\/uploads\/2021\/04\/sft-filtre-400x300.jpg 400w\" sizes=\"auto, (max-width: 536px) 100vw, 536px\" \/><\/p>\n<ul>\n<li style=\"text-align: left;\">All brands of SFT filters and cardboard mouthpieces are available.<\/li>\n<\/ul>\n<p>[\/vc_column_text][\/vc_tab][\/vc_tabs][\/vc_column][\/vc_row]<\/p>\n<\/section>","protected":false},"excerpt":{"rendered":"<p>[vc_row][vc_column][vc_custom_heading source=&#8221;post_title&#8221; use_theme_fonts=&#8221;yes&#8221; css=&#8221;.vc_custom_1616600974676{padding-top: 50px !important;}&#8221;][\/vc_column][\/vc_row][vc_row][vc_column][vc_tabs][vc_tab title=&#8221;Electrodes&#8221; tab_id=&#8221;1c4fec48-0e01-9&#8243;][vc_column_text] [\/vc_column_text][\/vc_tab][vc_tab title=&#8221;Cautery Plates&#8221; tab_id=&#8221;1618182771724-1-10&#8243;][vc_column_text] [\/vc_column_text][\/vc_tab][vc_tab title=&#8221;ECG Papers&#8221; tab_id=&#8221;1618182880300-2-5&#8243;][vc_column_text] Fukuda Cardisuny Cardioline Delta 1+ Peta\u015f Fukuda H 01 NK Cardiofax Cardioline Delta 60p Esaote P80 HP 4700 K21 4745 a Kardiosis NK FQS 50,3,100 Quinton 4500e Quinton 5000e Burdick 7868 Marquette 021 Marquette 020 HP M1709 A HP [&hellip;]<\/p>\n","protected":false},"author":1,"featured_media":0,"parent":4915,"menu_order":0,"comment_status":"closed","ping_status":"closed","template":"","meta":{"inline_featured_image":false,"_joinchat":[],"footnotes":""},"class_list":["post-4947","page","type-page","status-publish","hentry"],"_links":{"self":[{"href":"https:\/\/normmedikal.net\/en\/wp-json\/wp\/v2\/pages\/4947","targetHints":{"allow":["GET"]}}],"collection":[{"href":"https:\/\/normmedikal.net\/en\/wp-json\/wp\/v2\/pages"}],"about":[{"href":"https:\/\/normmedikal.net\/en\/wp-json\/wp\/v2\/types\/page"}],"author":[{"embeddable":true,"href":"https:\/\/normmedikal.net\/en\/wp-json\/wp\/v2\/users\/1"}],"replies":[{"embeddable":true,"href":"https:\/\/normmedikal.net\/en\/wp-json\/wp\/v2\/comments?post=4947"}],"version-history":[{"count":3,"href":"https:\/\/normmedikal.net\/en\/wp-json\/wp\/v2\/pages\/4947\/revisions"}],"predecessor-version":[{"id":4995,"href":"https:\/\/normmedikal.net\/en\/wp-json\/wp\/v2\/pages\/4947\/revisions\/4995"}],"up":[{"embeddable":true,"href":"https:\/\/normmedikal.net\/en\/wp-json\/wp\/v2\/pages\/4915"}],"wp:attachment":[{"href":"https:\/\/normmedikal.net\/en\/wp-json\/wp\/v2\/media?parent=4947"}],"curies":[{"name":"wp","href":"https:\/\/api.w.org\/{rel}","templated":true}]}}