{"id":5694,"date":"2024-09-10T14:03:17","date_gmt":"2024-09-10T11:03:17","guid":{"rendered":"https:\/\/normmedikal.net\/?post_type=product&#038;p=5694"},"modified":"2024-10-22T14:57:42","modified_gmt":"2024-10-22T11:57:42","slug":"5694","status":"publish","type":"product","link":"https:\/\/normmedikal.net\/en\/urun\/5694\/","title":{"rendered":"3M\u2122 Littmann\u00ae Cardiology IV\u2122 Stetoskop 6242, Lacivert hortum G\u00f6kku\u015fa\u011f\u0131 \u00e7an"},"content":{"rendered":"<p><img loading=\"lazy\" decoding=\"async\" class=\"aligncenter size-full wp-image-5526\" src=\"http:\/\/normmedikal.net\/wp-content\/uploads\/2023\/05\/6242-02_curve_cp_twist_1x_cb625cd4-0c79-4490-8bb1-de6426f1c4a1.webp\" alt=\"\" width=\"1206\" height=\"1206\" srcset=\"https:\/\/normmedikal.net\/wp-content\/uploads\/2023\/05\/6242-02_curve_cp_twist_1x_cb625cd4-0c79-4490-8bb1-de6426f1c4a1.webp 1206w, https:\/\/normmedikal.net\/wp-content\/uploads\/2023\/05\/6242-02_curve_cp_twist_1x_cb625cd4-0c79-4490-8bb1-de6426f1c4a1-400x400.webp 400w, https:\/\/normmedikal.net\/wp-content\/uploads\/2023\/05\/6242-02_curve_cp_twist_1x_cb625cd4-0c79-4490-8bb1-de6426f1c4a1-800x800.webp 800w, https:\/\/normmedikal.net\/wp-content\/uploads\/2023\/05\/6242-02_curve_cp_twist_1x_cb625cd4-0c79-4490-8bb1-de6426f1c4a1-768x768.webp 768w, https:\/\/normmedikal.net\/wp-content\/uploads\/2023\/05\/6242-02_curve_cp_twist_1x_cb625cd4-0c79-4490-8bb1-de6426f1c4a1-640x640.webp 640w, https:\/\/normmedikal.net\/wp-content\/uploads\/2023\/05\/6242-02_curve_cp_twist_1x_cb625cd4-0c79-4490-8bb1-de6426f1c4a1-1000x1000.webp 1000w\" sizes=\"auto, (max-width: 1206px) 100vw, 1206px\" \/><\/p>\n","protected":false},"excerpt":{"rendered":"","protected":false},"featured_media":5526,"comment_status":"open","ping_status":"closed","template":"","meta":{"inline_featured_image":false,"_joinchat":[]},"product_brand":[],"product_cat":[112],"product_tag":[],"class_list":{"0":"post-5694","1":"product","2":"type-product","3":"status-publish","4":"has-post-thumbnail","6":"product_cat-cardiology-iv","8":"first","9":"instock","10":"taxable","11":"shipping-taxable","12":"product-type-simple"},"_links":{"self":[{"href":"https:\/\/normmedikal.net\/en\/wp-json\/wp\/v2\/product\/5694","targetHints":{"allow":["GET"]}}],"collection":[{"href":"https:\/\/normmedikal.net\/en\/wp-json\/wp\/v2\/product"}],"about":[{"href":"https:\/\/normmedikal.net\/en\/wp-json\/wp\/v2\/types\/product"}],"replies":[{"embeddable":true,"href":"https:\/\/normmedikal.net\/en\/wp-json\/wp\/v2\/comments?post=5694"}],"wp:featuredmedia":[{"embeddable":true,"href":"https:\/\/normmedikal.net\/en\/wp-json\/wp\/v2\/media\/5526"}],"wp:attachment":[{"href":"https:\/\/normmedikal.net\/en\/wp-json\/wp\/v2\/media?parent=5694"}],"wp:term":[{"taxonomy":"product_brand","embeddable":true,"href":"https:\/\/normmedikal.net\/en\/wp-json\/wp\/v2\/product_brand?post=5694"},{"taxonomy":"product_cat","embeddable":true,"href":"https:\/\/normmedikal.net\/en\/wp-json\/wp\/v2\/product_cat?post=5694"},{"taxonomy":"product_tag","embeddable":true,"href":"https:\/\/normmedikal.net\/en\/wp-json\/wp\/v2\/product_tag?post=5694"}],"curies":[{"name":"wp","href":"https:\/\/api.w.org\/{rel}","templated":true}]}}