{"id":5748,"date":"2024-10-21T12:32:44","date_gmt":"2024-10-21T09:32:44","guid":{"rendered":"https:\/\/normmedikal.net\/?post_type=product&#038;p=5748"},"modified":"2026-02-03T14:25:44","modified_gmt":"2026-02-03T11:25:44","slug":"littmann-cardiology-iv-diagnostic-stethoscope-red-smoke-limited-edition-6182","status":"publish","type":"product","link":"https:\/\/normmedikal.net\/en\/urun\/littmann-cardiology-iv-diagnostic-stethoscope-red-smoke-limited-edition-6182\/","title":{"rendered":"3M\u2122 Littmann\u00ae Cardiology IV\u2122 Stetoskop 6182 , S\u0131n\u0131rl\u0131 \u00dcretim, Y\u00fcksek Cilal\u0131 Duman G\u00f6\u011f\u00fcs Par\u00e7as\u0131, K\u0131rm\u0131z\u0131 Renk Boru, 27 in\u00e7, 3\/CS"},"content":{"rendered":"<p><img loading=\"lazy\" decoding=\"async\" class=\"aligncenter size-full wp-image-5755\" src=\"http:\/\/normmedikal.net\/wp-content\/uploads\/2024\/10\/6182.png\" alt=\"\" width=\"491\" height=\"491\" srcset=\"https:\/\/normmedikal.net\/wp-content\/uploads\/2024\/10\/6182.png 491w, https:\/\/normmedikal.net\/wp-content\/uploads\/2024\/10\/6182-400x400.png 400w\" sizes=\"auto, (max-width: 491px) 100vw, 491px\" \/><img loading=\"lazy\" decoding=\"async\" class=\"aligncenter size-full wp-image-5753\" src=\"http:\/\/normmedikal.net\/wp-content\/uploads\/2024\/10\/6182.2.png\" alt=\"\" width=\"501\" height=\"501\" srcset=\"https:\/\/normmedikal.net\/wp-content\/uploads\/2024\/10\/6182.2.png 501w, https:\/\/normmedikal.net\/wp-content\/uploads\/2024\/10\/6182.2-400x400.png 400w\" sizes=\"auto, (max-width: 501px) 100vw, 501px\" \/><img loading=\"lazy\" decoding=\"async\" class=\"aligncenter size-full wp-image-5751\" src=\"http:\/\/normmedikal.net\/wp-content\/uploads\/2024\/10\/6182.1.png\" alt=\"\" width=\"558\" height=\"558\" srcset=\"https:\/\/normmedikal.net\/wp-content\/uploads\/2024\/10\/6182.1.png 558w, https:\/\/normmedikal.net\/wp-content\/uploads\/2024\/10\/6182.1-400x400.png 400w\" sizes=\"auto, (max-width: 558px) 100vw, 558px\" \/><\/p>\n","protected":false},"excerpt":{"rendered":"","protected":false},"featured_media":5755,"comment_status":"open","ping_status":"closed","template":"","meta":{"inline_featured_image":false,"_joinchat":[]},"product_brand":[],"product_cat":[112],"product_tag":[],"class_list":{"0":"post-5748","1":"product","2":"type-product","3":"status-publish","4":"has-post-thumbnail","6":"product_cat-cardiology-iv","8":"first","9":"outofstock","10":"taxable","11":"shipping-taxable","12":"product-type-simple"},"_links":{"self":[{"href":"https:\/\/normmedikal.net\/en\/wp-json\/wp\/v2\/product\/5748","targetHints":{"allow":["GET"]}}],"collection":[{"href":"https:\/\/normmedikal.net\/en\/wp-json\/wp\/v2\/product"}],"about":[{"href":"https:\/\/normmedikal.net\/en\/wp-json\/wp\/v2\/types\/product"}],"replies":[{"embeddable":true,"href":"https:\/\/normmedikal.net\/en\/wp-json\/wp\/v2\/comments?post=5748"}],"wp:featuredmedia":[{"embeddable":true,"href":"https:\/\/normmedikal.net\/en\/wp-json\/wp\/v2\/media\/5755"}],"wp:attachment":[{"href":"https:\/\/normmedikal.net\/en\/wp-json\/wp\/v2\/media?parent=5748"}],"wp:term":[{"taxonomy":"product_brand","embeddable":true,"href":"https:\/\/normmedikal.net\/en\/wp-json\/wp\/v2\/product_brand?post=5748"},{"taxonomy":"product_cat","embeddable":true,"href":"https:\/\/normmedikal.net\/en\/wp-json\/wp\/v2\/product_cat?post=5748"},{"taxonomy":"product_tag","embeddable":true,"href":"https:\/\/normmedikal.net\/en\/wp-json\/wp\/v2\/product_tag?post=5748"}],"curies":[{"name":"wp","href":"https:\/\/api.w.org\/{rel}","templated":true}]}}