{"id":5757,"date":"2024-10-21T12:36:43","date_gmt":"2024-10-21T09:36:43","guid":{"rendered":"https:\/\/normmedikal.net\/?post_type=product&#038;p=5757"},"modified":"2026-02-03T14:25:53","modified_gmt":"2026-02-03T11:25:53","slug":"littmann-kardiyoloji-iv-tanisal-stetoskop-gri-duman-kirmizi-sap-sinirli-sayida-6183","status":"publish","type":"product","link":"https:\/\/normmedikal.net\/en\/urun\/littmann-kardiyoloji-iv-tanisal-stetoskop-gri-duman-kirmizi-sap-sinirli-sayida-6183\/","title":{"rendered":"3M\u2122 Littmann\u00ae Cardiology IV\u2122 Stetoskop 6183, S\u0131n\u0131rl\u0131 \u00dcretim, Y\u00fcksek Cilal\u0131 Duman G\u00f6\u011f\u00fcs Par\u00e7as\u0131, Gri Renk Boru, 27 in\u00e7"},"content":{"rendered":"<p><img loading=\"lazy\" decoding=\"async\" class=\"aligncenter size-full wp-image-5764\" src=\"http:\/\/normmedikal.net\/wp-content\/uploads\/2024\/10\/6183-1.png\" alt=\"\" width=\"493\" height=\"493\" srcset=\"https:\/\/normmedikal.net\/wp-content\/uploads\/2024\/10\/6183-1.png 493w, https:\/\/normmedikal.net\/wp-content\/uploads\/2024\/10\/6183-1-400x400.png 400w\" sizes=\"auto, (max-width: 493px) 100vw, 493px\" \/><img loading=\"lazy\" decoding=\"async\" class=\"aligncenter size-full wp-image-5766\" src=\"http:\/\/normmedikal.net\/wp-content\/uploads\/2024\/10\/6183-2.png\" alt=\"\" width=\"457\" height=\"457\" srcset=\"https:\/\/normmedikal.net\/wp-content\/uploads\/2024\/10\/6183-2.png 457w, https:\/\/normmedikal.net\/wp-content\/uploads\/2024\/10\/6183-2-400x400.png 400w\" sizes=\"auto, (max-width: 457px) 100vw, 457px\" \/><img loading=\"lazy\" decoding=\"async\" class=\"aligncenter size-full wp-image-5762\" src=\"http:\/\/normmedikal.net\/wp-content\/uploads\/2024\/10\/6183.2.png\" alt=\"\" width=\"457\" height=\"457\" srcset=\"https:\/\/normmedikal.net\/wp-content\/uploads\/2024\/10\/6183.2.png 457w, https:\/\/normmedikal.net\/wp-content\/uploads\/2024\/10\/6183.2-400x400.png 400w\" sizes=\"auto, (max-width: 457px) 100vw, 457px\" \/><\/p>\n","protected":false},"excerpt":{"rendered":"","protected":false},"featured_media":5764,"comment_status":"open","ping_status":"closed","template":"","meta":{"inline_featured_image":false,"_joinchat":[]},"product_brand":[],"product_cat":[112],"product_tag":[],"class_list":{"0":"post-5757","1":"product","2":"type-product","3":"status-publish","4":"has-post-thumbnail","6":"product_cat-cardiology-iv","8":"first","9":"outofstock","10":"taxable","11":"shipping-taxable","12":"product-type-simple"},"_links":{"self":[{"href":"https:\/\/normmedikal.net\/en\/wp-json\/wp\/v2\/product\/5757","targetHints":{"allow":["GET"]}}],"collection":[{"href":"https:\/\/normmedikal.net\/en\/wp-json\/wp\/v2\/product"}],"about":[{"href":"https:\/\/normmedikal.net\/en\/wp-json\/wp\/v2\/types\/product"}],"replies":[{"embeddable":true,"href":"https:\/\/normmedikal.net\/en\/wp-json\/wp\/v2\/comments?post=5757"}],"wp:featuredmedia":[{"embeddable":true,"href":"https:\/\/normmedikal.net\/en\/wp-json\/wp\/v2\/media\/5764"}],"wp:attachment":[{"href":"https:\/\/normmedikal.net\/en\/wp-json\/wp\/v2\/media?parent=5757"}],"wp:term":[{"taxonomy":"product_brand","embeddable":true,"href":"https:\/\/normmedikal.net\/en\/wp-json\/wp\/v2\/product_brand?post=5757"},{"taxonomy":"product_cat","embeddable":true,"href":"https:\/\/normmedikal.net\/en\/wp-json\/wp\/v2\/product_cat?post=5757"},{"taxonomy":"product_tag","embeddable":true,"href":"https:\/\/normmedikal.net\/en\/wp-json\/wp\/v2\/product_tag?post=5757"}],"curies":[{"name":"wp","href":"https:\/\/api.w.org\/{rel}","templated":true}]}}